{"id":4574,"date":"2015-07-11T15:52:53","date_gmt":"2015-07-11T13:52:53","guid":{"rendered":"http:\/\/www.kantner-partner.de\/impressum"},"modified":"2017-09-08T10:07:40","modified_gmt":"2017-09-08T08:07:40","slug":"imprint","status":"publish","type":"page","link":"https:\/\/www.kantner-partner.de\/en\/imprint","title":{"rendered":"Imprint"},"content":{"rendered":"<h1>Impressum<\/h1>\n<p>Kantner &amp; Partner Sachverst\u00e4ndige PartG<br \/>\nFasangartenstrasse 3<br \/>\n81737 M\u00fcnchen<br \/>\nDEUTSCHLAND<\/p>\n<p>Tel. +49 89 678069- 0<br \/>\nFax +49 89 678069- 29<br \/>\ni&#110;&#102;&#x6f;&#x40;k&#97;&#110;&#x74;&#x6e;&#x65;r&#45;&#112;&#x61;&#x72;tn&#101;&#x72;&#x2e;&#x64;e<br \/>\nwww.kantner-partner.de<\/p>\n<p>Registergericht: M\u00fcnchen PR 1224<br \/>\nSitz: M\u00fcnchen<br \/>\nUSt-IdNr.: DE290923586<br \/>\nPartner i.S.d. \u00a7 3 Abs. 2 Ziff. 2 PartGG: Ulrich Kantner, Simone Kantner<\/p>\n<h2>Bildnachweis<\/h2>\n<p>Fotos: \u00a9 Kantner &amp; Partner Sachverst\u00e4ndige PartG<\/p>\n<h2>Technische Umsetzung<\/h2>\n<p>Markus B\u00e4ck<br \/>\nAlpspitzstr. 7<br \/>\n82327 Tutzing<\/p>\n<p>Mobile +49 171 471 9056<br \/>\n<a title=\"WordPress Freelancer\" href=\"http:\/\/www.lake-studio.de\" target=\"_blank\" rel=\"noopener\">lake-studio.de<\/a><\/p>\n<h2>Haftungsausschluss<\/h2>\n<div class=\"paragraph\">\n<p style=\"text-align: justify;\">F\u00fcr die Richtigkeit von auf dieser Seite zur Verf\u00fcgung gestellten Informationen wird keine Haftung \u00fcbernommen. Gleiches gilt f\u00fcr die Seiten, auf welche von hier aus verwiesen wird. Wir sind f\u00fcr jeden Hinweis auf fehlerhafte Verkn\u00fcpfungen oder gesetz- oder sittenwidrige Inhalte von verkn\u00fcpften Seiten dankbar und werden solchen Hinweisen unverz\u00fcglich nachgehen.<\/p>\n<h2>Urheberrechtshinweise<\/h2>\n<\/div>\n<div class=\"paragraph\">\n<p style=\"text-align: justify;\">Texte, Bilder, Grafiken, Inhalt, Aufbau sowie Layout dieser Seiten unterliegen weltweiten Urheberrecht. Bei unerlaubter Verwendung, Reproduktion oder Weitergabe einzelner Inhalte oder kompletter Seiten behalten wir uns eine strafrechtliche und zivilrechtliche Verfolgung vor.<\/p>\n<h2>Disclaimer<\/h2>\n<p style=\"text-align: justify;\">Diese Website benutzt Google Analytics, einen Webanalysedienst der Google Inc. (\u201eGoogle\u201d). Google Analytics verwendet so genannte \u201eCookies\u201d, Textdateien, die auf Ihrem Computer gespeichert werden und die eine Analyse der Nutzung der Website durch Sie erm\u00f6glichen. Die durch das Cookie erzeugten Informationen \u00fcber die Benutzung dieser Website durch Ihren PC (einschlie\u00dflich Ihrer IP-Adresse) werden an einen Server von Google in den USA \u00fcbertragen und dort gespeichert. Google wird diese Informationen benutzen, um Ihre Nutzung dieser Website auszuwerten, Berichte \u00fcber die Zugriffe f\u00fcr die Websitebetreiber zusammenzustellen und um weitere mit der Websitenutzung und der Internetnutzung verbundene Dienstleistungen zu erbringen. Soweit Google diese Informationen gegebenenfalls an Dritte \u00fcbertr\u00e4gt, so erfolgt dies nur, soweit dies gesetzlich vorgeschrieben ist oder die Dritten diese Daten im Auftrag von Google verarbeiten. Google sichert zu, dass in keinem Fall Ihre IP-Adresse mit anderen Daten von Google in Verbindung gebracht werden. Sie k\u00f6nnen die Installation von Cookies durch eine entsprechende Einstellung Ihres Browsers unterbinden oder installierte Cookies wieder l\u00f6schen. Die Nutzung dieser Webseite k\u00f6nnte dadurch in geringem Umfang eingeschr\u00e4nkt sein. Durch die Nutzung dieser Website erkl\u00e4ren Sie sich mit der Bearbeitung der \u00fcber Sie erhobenen Daten durch Google in der zuvor beschriebenen Art und Weise und zu dem zuvor benannten Zweck einverstanden.<\/p>\n<\/div>\n","protected":false},"excerpt":{"rendered":"<p>Impressum Kantner &amp; Partner Sachverst\u00e4ndige PartG Fasangartenstrasse 3 81737 M\u00fcnchen DEUTSCHLAND Tel. +49 89 678069- 0 Fax +49 89 678069- 29 &#x69;&#x6e;&#102;&#111;&#64;k&#x61;&#x6e;&#x74;&#110;&#101;r-&#x70;&#x61;&#x72;&#116;&#110;e&#x72;&#x2e;&#x64;&#101; www.kantner-partner.de Registergericht: M\u00fcnchen PR 1224 Sitz: M\u00fcnchen USt-IdNr.: <a class=\"moretag\" href=\"https:\/\/www.kantner-partner.de\/en\/imprint\">read more&#8230;<\/a><\/p>\n","protected":false},"author":1,"featured_media":0,"parent":0,"menu_order":71,"comment_status":"open","ping_status":"open","template":"","meta":{"_acf_changed":false,"footnotes":""},"class_list":["post-4574","page","type-page","status-publish","hentry"],"acf":[],"yoast_head":"<!-- This site is optimized with the Yoast SEO plugin v27.4 - https:\/\/yoast.com\/product\/yoast-seo-wordpress\/ -->\n<title>Imprint - Bausachverst\u00e4ndiger I Immobiliengutachter I M\u00fcnchen<\/title>\n<meta name=\"description\" content=\"Impressum Kantner &amp; Partner Sachverst\u00e4ndige PartG Fasangartenstrasse 3 81737 M\u00fcnchen DEUTSCHLAND Tel. +49 89 678069- 0\u00a0\" \/>\n<meta name=\"robots\" content=\"index, follow, max-snippet:-1, max-image-preview:large, max-video-preview:-1\" \/>\n<link rel=\"canonical\" href=\"https:\/\/www.kantner-partner.de\/en\/imprint\" \/>\n<meta property=\"og:locale\" content=\"en_US\" \/>\n<meta property=\"og:type\" content=\"article\" \/>\n<meta property=\"og:title\" content=\"Imprint - Bausachverst\u00e4ndiger I Immobiliengutachter I M\u00fcnchen\" \/>\n<meta property=\"og:description\" content=\"Impressum Kantner &amp; Partner Sachverst\u00e4ndige PartG Fasangartenstrasse 3 81737 M\u00fcnchen DEUTSCHLAND Tel. +49 89 678069- 0\u00a0\" \/>\n<meta property=\"og:url\" content=\"https:\/\/www.kantner-partner.de\/en\/imprint\" \/>\n<meta property=\"og:site_name\" content=\"Bausachverst\u00e4ndiger I Immobiliengutachter I M\u00fcnchen\" \/>\n<meta property=\"article:publisher\" content=\"https:\/\/www.facebook.com\/kantner.partner\" \/>\n<meta property=\"article:modified_time\" content=\"2017-09-08T08:07:40+00:00\" \/>\n<meta name=\"twitter:card\" content=\"summary_large_image\" \/>\n<meta name=\"twitter:site\" content=\"@KP_Info\" \/>\n<meta name=\"twitter:label1\" content=\"Est. reading time\" \/>\n\t<meta name=\"twitter:data1\" content=\"2 minutes\" \/>\n<script type=\"application\/ld+json\" class=\"yoast-schema-graph\">{\"@context\":\"https:\\\/\\\/schema.org\",\"@graph\":[{\"@type\":\"WebPage\",\"@id\":\"https:\\\/\\\/www.kantner-partner.de\\\/en\\\/imprint\",\"url\":\"https:\\\/\\\/www.kantner-partner.de\\\/en\\\/imprint\",\"name\":\"Imprint - Bausachverst\u00e4ndiger I Immobiliengutachter I M\u00fcnchen\",\"isPartOf\":{\"@id\":\"https:\\\/\\\/www.kantner-partner.de\\\/#website\"},\"datePublished\":\"2015-07-11T13:52:53+00:00\",\"dateModified\":\"2017-09-08T08:07:40+00:00\",\"description\":\"Impressum Kantner & Partner Sachverst\u00e4ndige PartG Fasangartenstrasse 3 81737 M\u00fcnchen DEUTSCHLAND Tel. +49 89 678069- 0\u00a0\",\"breadcrumb\":{\"@id\":\"https:\\\/\\\/www.kantner-partner.de\\\/en\\\/imprint#breadcrumb\"},\"inLanguage\":\"en-US\",\"potentialAction\":[{\"@type\":\"ReadAction\",\"target\":[\"https:\\\/\\\/www.kantner-partner.de\\\/en\\\/imprint\"]}]},{\"@type\":\"BreadcrumbList\",\"@id\":\"https:\\\/\\\/www.kantner-partner.de\\\/en\\\/imprint#breadcrumb\",\"itemListElement\":[{\"@type\":\"ListItem\",\"position\":1,\"name\":\"Home\",\"item\":\"https:\\\/\\\/www.kantner-partner.de\\\/en\"},{\"@type\":\"ListItem\",\"position\":2,\"name\":\"Imprint\"}]},{\"@type\":\"WebSite\",\"@id\":\"https:\\\/\\\/www.kantner-partner.de\\\/#website\",\"url\":\"https:\\\/\\\/www.kantner-partner.de\\\/\",\"name\":\"Bausachverst\u00e4ndiger I Immobiliengutachter I M\u00fcnchen\",\"description\":\"SV f\u00fcr Wertermittlung, Bauwerksabdichtung, Betoninstandsetzung, Schimmelpilz\",\"potentialAction\":[{\"@type\":\"SearchAction\",\"target\":{\"@type\":\"EntryPoint\",\"urlTemplate\":\"https:\\\/\\\/www.kantner-partner.de\\\/?s={search_term_string}\"},\"query-input\":{\"@type\":\"PropertyValueSpecification\",\"valueRequired\":true,\"valueName\":\"search_term_string\"}}],\"inLanguage\":\"en-US\"}]}<\/script>\n<!-- \/ Yoast SEO plugin. -->","yoast_head_json":{"title":"Imprint - Bausachverst\u00e4ndiger I Immobiliengutachter I M\u00fcnchen","description":"Impressum Kantner & Partner Sachverst\u00e4ndige PartG Fasangartenstrasse 3 81737 M\u00fcnchen DEUTSCHLAND Tel. +49 89 678069- 0\u00a0","robots":{"index":"index","follow":"follow","max-snippet":"max-snippet:-1","max-image-preview":"max-image-preview:large","max-video-preview":"max-video-preview:-1"},"canonical":"https:\/\/www.kantner-partner.de\/en\/imprint","og_locale":"en_US","og_type":"article","og_title":"Imprint - Bausachverst\u00e4ndiger I Immobiliengutachter I M\u00fcnchen","og_description":"Impressum Kantner & Partner Sachverst\u00e4ndige PartG Fasangartenstrasse 3 81737 M\u00fcnchen DEUTSCHLAND Tel. +49 89 678069- 0\u00a0","og_url":"https:\/\/www.kantner-partner.de\/en\/imprint","og_site_name":"Bausachverst\u00e4ndiger I Immobiliengutachter I M\u00fcnchen","article_publisher":"https:\/\/www.facebook.com\/kantner.partner","article_modified_time":"2017-09-08T08:07:40+00:00","twitter_card":"summary_large_image","twitter_site":"@KP_Info","twitter_misc":{"Est. reading time":"2 minutes"},"schema":{"@context":"https:\/\/schema.org","@graph":[{"@type":"WebPage","@id":"https:\/\/www.kantner-partner.de\/en\/imprint","url":"https:\/\/www.kantner-partner.de\/en\/imprint","name":"Imprint - Bausachverst\u00e4ndiger I Immobiliengutachter I M\u00fcnchen","isPartOf":{"@id":"https:\/\/www.kantner-partner.de\/#website"},"datePublished":"2015-07-11T13:52:53+00:00","dateModified":"2017-09-08T08:07:40+00:00","description":"Impressum Kantner & Partner Sachverst\u00e4ndige PartG Fasangartenstrasse 3 81737 M\u00fcnchen DEUTSCHLAND Tel. +49 89 678069- 0\u00a0","breadcrumb":{"@id":"https:\/\/www.kantner-partner.de\/en\/imprint#breadcrumb"},"inLanguage":"en-US","potentialAction":[{"@type":"ReadAction","target":["https:\/\/www.kantner-partner.de\/en\/imprint"]}]},{"@type":"BreadcrumbList","@id":"https:\/\/www.kantner-partner.de\/en\/imprint#breadcrumb","itemListElement":[{"@type":"ListItem","position":1,"name":"Home","item":"https:\/\/www.kantner-partner.de\/en"},{"@type":"ListItem","position":2,"name":"Imprint"}]},{"@type":"WebSite","@id":"https:\/\/www.kantner-partner.de\/#website","url":"https:\/\/www.kantner-partner.de\/","name":"Bausachverst\u00e4ndiger I Immobiliengutachter I M\u00fcnchen","description":"SV f\u00fcr Wertermittlung, Bauwerksabdichtung, Betoninstandsetzung, Schimmelpilz","potentialAction":[{"@type":"SearchAction","target":{"@type":"EntryPoint","urlTemplate":"https:\/\/www.kantner-partner.de\/?s={search_term_string}"},"query-input":{"@type":"PropertyValueSpecification","valueRequired":true,"valueName":"search_term_string"}}],"inLanguage":"en-US"}]}},"_links":{"self":[{"href":"https:\/\/www.kantner-partner.de\/en\/wp-json\/wp\/v2\/pages\/4574","targetHints":{"allow":["GET"]}}],"collection":[{"href":"https:\/\/www.kantner-partner.de\/en\/wp-json\/wp\/v2\/pages"}],"about":[{"href":"https:\/\/www.kantner-partner.de\/en\/wp-json\/wp\/v2\/types\/page"}],"author":[{"embeddable":true,"href":"https:\/\/www.kantner-partner.de\/en\/wp-json\/wp\/v2\/users\/1"}],"replies":[{"embeddable":true,"href":"https:\/\/www.kantner-partner.de\/en\/wp-json\/wp\/v2\/comments?post=4574"}],"version-history":[{"count":1,"href":"https:\/\/www.kantner-partner.de\/en\/wp-json\/wp\/v2\/pages\/4574\/revisions"}],"predecessor-version":[{"id":4576,"href":"https:\/\/www.kantner-partner.de\/en\/wp-json\/wp\/v2\/pages\/4574\/revisions\/4576"}],"wp:attachment":[{"href":"https:\/\/www.kantner-partner.de\/en\/wp-json\/wp\/v2\/media?parent=4574"}],"curies":[{"name":"wp","href":"https:\/\/api.w.org\/{rel}","templated":true}]}}