{"id":4581,"date":"2015-06-24T09:00:08","date_gmt":"2015-06-24T07:00:08","guid":{"rendered":"http:\/\/www.kantner-partner.de\/home"},"modified":"2017-10-01T09:07:49","modified_gmt":"2017-10-01T07:07:49","slug":"homepage","status":"publish","type":"page","link":"https:\/\/www.kantner-partner.de\/en","title":{"rendered":"Homepage"},"content":{"rendered":"<h1>Consulting. Appraisal. Planning.<\/h1>\n<p style=\"text-align: justify;\">Welcome to the homepage of Kantner &amp; Partner Sachverst\u00e4ndige, a partnership company of T\u00dcV-certified building experts and property valuers, registered in the partnership register of the Amtsgericht (District Court) in Munich.<\/p>\n<p style=\"text-align: justify;\">In addition to the valuation of developed and undeveloped plots of land (property valuation) according to national and international standards, our office has specialised in the field of assessment of structural damage and construction defects and in the field of repair planning for the waterproofing of building components in contact with the soil, and the protection and repair of building components made of concrete.<\/p>\n<p style=\"text-align: justify;\">Town councils count on our know-how, as do medium-sized renovation companies, domestic and foreign investors, and DAX-listed companies.<\/p>\n<p style=\"text-align: justify;\">The judiciary trust in our expertise.<\/p>\n<p style=\"text-align: justify;\">You too can trust in almost 20 years of experience in valuation and assessment, repair planning and renovation, in our experts and valuers. In Germany, Austria and Switzerland.<\/p>\n","protected":false},"excerpt":{"rendered":"<p>Consulting. Appraisal. Planning. Welcome to the homepage of Kantner &amp; Partner Sachverst\u00e4ndige, a partnership company of T\u00dcV-certified building experts and property valuers, registered in the partnership register of the Amtsgericht <a class=\"moretag\" href=\"https:\/\/www.kantner-partner.de\/en\">read more&#8230;<\/a><\/p>\n","protected":false},"author":1,"featured_media":0,"parent":0,"menu_order":0,"comment_status":"open","ping_status":"closed","template":"tmpl\/template-home.php","meta":{"_acf_changed":false,"footnotes":""},"class_list":["post-4581","page","type-page","status-publish","hentry"],"acf":[],"yoast_head":"<!-- This site is optimized with the Yoast SEO plugin v27.4 - https:\/\/yoast.com\/product\/yoast-seo-wordpress\/ -->\n<title>Appraiser Kantner &amp; Partner | building surveyor I real estate valuation<\/title>\n<meta name=\"description\" content=\"opinion of the court, survey, PersCert T\u00dcV, waterproofing of buildings, concrete restoration, injection technology, real estate valuation, appraiser\" \/>\n<meta name=\"robots\" content=\"index, follow, max-snippet:-1, max-image-preview:large, max-video-preview:-1\" \/>\n<link rel=\"canonical\" href=\"https:\/\/www.kantner-partner.de\/en\" \/>\n<meta property=\"og:locale\" content=\"en_US\" \/>\n<meta property=\"og:type\" content=\"article\" \/>\n<meta property=\"og:title\" content=\"Appraiser Kantner &amp; Partner | building surveyor I real estate valuation\" \/>\n<meta property=\"og:description\" content=\"opinion of the court, survey, PersCert T\u00dcV, waterproofing of buildings, concrete restoration, injection technology, real estate valuation, appraiser\" \/>\n<meta property=\"og:url\" content=\"https:\/\/www.kantner-partner.de\/en\" \/>\n<meta property=\"og:site_name\" content=\"Bausachverst\u00e4ndiger I Immobiliengutachter I M\u00fcnchen\" \/>\n<meta property=\"article:publisher\" content=\"https:\/\/www.facebook.com\/kantner.partner\" \/>\n<meta property=\"article:modified_time\" content=\"2017-10-01T07:07:49+00:00\" \/>\n<meta name=\"twitter:card\" content=\"summary_large_image\" \/>\n<meta name=\"twitter:site\" content=\"@KP_Info\" \/>\n<meta name=\"twitter:label1\" content=\"Est. reading time\" \/>\n\t<meta name=\"twitter:data1\" content=\"1 minute\" \/>\n<script type=\"application\/ld+json\" class=\"yoast-schema-graph\">{\"@context\":\"https:\\\/\\\/schema.org\",\"@graph\":[{\"@type\":\"WebPage\",\"@id\":\"https:\\\/\\\/www.kantner-partner.de\\\/en\",\"url\":\"https:\\\/\\\/www.kantner-partner.de\\\/en\",\"name\":\"Appraiser Kantner & Partner | building surveyor I real estate valuation\",\"isPartOf\":{\"@id\":\"https:\\\/\\\/www.kantner-partner.de\\\/#website\"},\"datePublished\":\"2015-06-24T07:00:08+00:00\",\"dateModified\":\"2017-10-01T07:07:49+00:00\",\"description\":\"opinion of the court, survey, PersCert T\u00dcV, waterproofing of buildings, concrete restoration, injection technology, real estate valuation, appraiser\",\"breadcrumb\":{\"@id\":\"https:\\\/\\\/www.kantner-partner.de\\\/en#breadcrumb\"},\"inLanguage\":\"en-US\",\"potentialAction\":[{\"@type\":\"ReadAction\",\"target\":[\"https:\\\/\\\/www.kantner-partner.de\\\/en\"]}]},{\"@type\":\"BreadcrumbList\",\"@id\":\"https:\\\/\\\/www.kantner-partner.de\\\/en#breadcrumb\",\"itemListElement\":[{\"@type\":\"ListItem\",\"position\":1,\"name\":\"Home\",\"item\":\"https:\\\/\\\/www.kantner-partner.de\\\/en\"},{\"@type\":\"ListItem\",\"position\":2,\"name\":\"Homepage\"}]},{\"@type\":\"WebSite\",\"@id\":\"https:\\\/\\\/www.kantner-partner.de\\\/#website\",\"url\":\"https:\\\/\\\/www.kantner-partner.de\\\/\",\"name\":\"Bausachverst\u00e4ndiger I Immobiliengutachter I M\u00fcnchen\",\"description\":\"SV f\u00fcr Wertermittlung, Bauwerksabdichtung, Betoninstandsetzung, Schimmelpilz\",\"potentialAction\":[{\"@type\":\"SearchAction\",\"target\":{\"@type\":\"EntryPoint\",\"urlTemplate\":\"https:\\\/\\\/www.kantner-partner.de\\\/?s={search_term_string}\"},\"query-input\":{\"@type\":\"PropertyValueSpecification\",\"valueRequired\":true,\"valueName\":\"search_term_string\"}}],\"inLanguage\":\"en-US\"}]}<\/script>\n<!-- \/ Yoast SEO plugin. -->","yoast_head_json":{"title":"Appraiser Kantner & Partner | building surveyor I real estate valuation","description":"opinion of the court, survey, PersCert T\u00dcV, waterproofing of buildings, concrete restoration, injection technology, real estate valuation, appraiser","robots":{"index":"index","follow":"follow","max-snippet":"max-snippet:-1","max-image-preview":"max-image-preview:large","max-video-preview":"max-video-preview:-1"},"canonical":"https:\/\/www.kantner-partner.de\/en","og_locale":"en_US","og_type":"article","og_title":"Appraiser Kantner & Partner | building surveyor I real estate valuation","og_description":"opinion of the court, survey, PersCert T\u00dcV, waterproofing of buildings, concrete restoration, injection technology, real estate valuation, appraiser","og_url":"https:\/\/www.kantner-partner.de\/en","og_site_name":"Bausachverst\u00e4ndiger I Immobiliengutachter I M\u00fcnchen","article_publisher":"https:\/\/www.facebook.com\/kantner.partner","article_modified_time":"2017-10-01T07:07:49+00:00","twitter_card":"summary_large_image","twitter_site":"@KP_Info","twitter_misc":{"Est. reading time":"1 minute"},"schema":{"@context":"https:\/\/schema.org","@graph":[{"@type":"WebPage","@id":"https:\/\/www.kantner-partner.de\/en","url":"https:\/\/www.kantner-partner.de\/en","name":"Appraiser Kantner & Partner | building surveyor I real estate valuation","isPartOf":{"@id":"https:\/\/www.kantner-partner.de\/#website"},"datePublished":"2015-06-24T07:00:08+00:00","dateModified":"2017-10-01T07:07:49+00:00","description":"opinion of the court, survey, PersCert T\u00dcV, waterproofing of buildings, concrete restoration, injection technology, real estate valuation, appraiser","breadcrumb":{"@id":"https:\/\/www.kantner-partner.de\/en#breadcrumb"},"inLanguage":"en-US","potentialAction":[{"@type":"ReadAction","target":["https:\/\/www.kantner-partner.de\/en"]}]},{"@type":"BreadcrumbList","@id":"https:\/\/www.kantner-partner.de\/en#breadcrumb","itemListElement":[{"@type":"ListItem","position":1,"name":"Home","item":"https:\/\/www.kantner-partner.de\/en"},{"@type":"ListItem","position":2,"name":"Homepage"}]},{"@type":"WebSite","@id":"https:\/\/www.kantner-partner.de\/#website","url":"https:\/\/www.kantner-partner.de\/","name":"Bausachverst\u00e4ndiger I Immobiliengutachter I M\u00fcnchen","description":"SV f\u00fcr Wertermittlung, Bauwerksabdichtung, Betoninstandsetzung, Schimmelpilz","potentialAction":[{"@type":"SearchAction","target":{"@type":"EntryPoint","urlTemplate":"https:\/\/www.kantner-partner.de\/?s={search_term_string}"},"query-input":{"@type":"PropertyValueSpecification","valueRequired":true,"valueName":"search_term_string"}}],"inLanguage":"en-US"}]}},"_links":{"self":[{"href":"https:\/\/www.kantner-partner.de\/en\/wp-json\/wp\/v2\/pages\/4581","targetHints":{"allow":["GET"]}}],"collection":[{"href":"https:\/\/www.kantner-partner.de\/en\/wp-json\/wp\/v2\/pages"}],"about":[{"href":"https:\/\/www.kantner-partner.de\/en\/wp-json\/wp\/v2\/types\/page"}],"author":[{"embeddable":true,"href":"https:\/\/www.kantner-partner.de\/en\/wp-json\/wp\/v2\/users\/1"}],"replies":[{"embeddable":true,"href":"https:\/\/www.kantner-partner.de\/en\/wp-json\/wp\/v2\/comments?post=4581"}],"version-history":[{"count":8,"href":"https:\/\/www.kantner-partner.de\/en\/wp-json\/wp\/v2\/pages\/4581\/revisions"}],"predecessor-version":[{"id":4668,"href":"https:\/\/www.kantner-partner.de\/en\/wp-json\/wp\/v2\/pages\/4581\/revisions\/4668"}],"wp:attachment":[{"href":"https:\/\/www.kantner-partner.de\/en\/wp-json\/wp\/v2\/media?parent=4581"}],"curies":[{"name":"wp","href":"https:\/\/api.w.org\/{rel}","templated":true}]}}