{"id":4591,"date":"2015-07-11T15:51:17","date_gmt":"2015-07-11T13:51:17","guid":{"rendered":"http:\/\/www.kantner-partner.de\/verkehrswertgutachten"},"modified":"2017-09-30T12:02:19","modified_gmt":"2017-09-30T10:02:19","slug":"real-estate-valuation","status":"publish","type":"page","link":"https:\/\/www.kantner-partner.de\/en\/real-estate-valuation","title":{"rendered":"real estate valuation"},"content":{"rendered":"<h1>Valuation of real estate<\/h1>\n<p style=\"text-align: justify;\">In the field of the evaluation of developed and undeveloped plots of land, in addition to market value appraisals and mortgage lending value appraisals, and appraisals for the determining of the fair market value and fair value, we also provide market value appraisals according to international standards.<\/p>\n<ul>\n<li>Market value within the meaning of section 194 BauGB (Federal Building Code)<\/li>\n<li>Mortgage lending value within the meaning of section 16 PfandBG (Mortgage Bond Act)<\/li>\n<li>Fair market value within the meaning of section 9 BeWG in conjunction with \u00a7 182 BeWG (Valuation Act)<\/li>\n<li>Fair value within the meaning of section 255 para. 4 HGB (German Commercial Code)<\/li>\n<li>Fair value within the meaning of IFRS 13, IAS 16, IAS 40<\/li>\n<li>Equity according to int. standards (IVSC, RICS, TEGoVA)<\/li>\n<\/ul>\n<p style=\"text-align: justify;\">The main focus of our appraising activity is the valuation of developed and undeveloped plots and limited\u00a0<a href=\"https:\/\/www.kantner-partner.de\/erbbaurecht\">rights in rem in the meaning of \u00a7 1018 ff BGB<\/a>\u00a0for tax reasons. In addition to the valuation of residential and commercial properties, we also possess proven expertise in the valuation of special-purpose properties (including in the automotive, energy, agricultural, hospital and pharmaceutical, hotel and tourism industries).<\/p>\n<p style=\"text-align: justify;\">The remuneration of experts in the field of the valuation of developed and undeveloped plots of land and related rights and encumbrances here takes place on the basis of a\u00a0<a href=\"https:\/\/www.kantner-partner.de\/honorar\">remuneration agreement<\/a>\u00a0as time-based or lump sum remuneration.<\/p>\n<h1>Market value appraisals in the meaning of \u00a7 194 BauGB<\/h1>\n<p style=\"text-align: justify;\">The valuation of developed and undeveloped plots of land and thus the remuneration of market value appraisals in the meaning of 194 BauGB is regulated in the Property Valuation Ordinance (ImmoWertV). In accordance with section 15 ff. ImmoWertV, a distinction is made between three standardised procedures according to which the value of a plot of land or of its constituent parts and\/or related rights and encumbrances are determined: the German income approach, the asset value approach and the sales comparison approach. The market value according to section 194 BauGB is here defined as the price that would be achievable on the valuation cutoff date in usual business transactions taking into account the legal and actual conditions and the location of a plot of land or other object of valuation.<\/p>\n<p>Typical reasons for the determining of the market value in the meaning of section 194 BauGB<\/p>\n<ul>\n<li>Dispute of communities of heirs within the meaning of section 2042 para.1 BGB<\/li>\n<li>Dispute of communities of accrued gain within the meaning of section 1363 BGB<\/li>\n<li>Transfer of land within the meaning of section 311b para.1 BGB<\/li>\n<li>Disposals relating to land within the meaning of section 1821 para.1 no.1 BGB<\/li>\n<\/ul>\n<div class=\"row\">\n<p style=\"text-align: justify;\"><div class=\"ls-col-md-6 \"><img loading=\"lazy\" decoding=\"async\" class=\"aligncenter wp-image-853 size-large\" src=\"https:\/\/www.kantner-partner.de\/wp-content\/uploads\/2015\/09\/Immobilienbewertung-Otterfing-1024x680.jpg\" alt=\"Immobiliengutachter Landkreis M\u00fcnchen\" width=\"1024\" height=\"680\" srcset=\"https:\/\/www.kantner-partner.de\/wp-content\/uploads\/2015\/09\/Immobilienbewertung-Otterfing-1024x680.jpg 1024w, https:\/\/www.kantner-partner.de\/wp-content\/uploads\/2015\/09\/Immobilienbewertung-Otterfing-300x199.jpg 300w, https:\/\/www.kantner-partner.de\/wp-content\/uploads\/2015\/09\/Immobilienbewertung-Otterfing-768x510.jpg 768w, https:\/\/www.kantner-partner.de\/wp-content\/uploads\/2015\/09\/Immobilienbewertung-Otterfing-960x637.jpg 960w, https:\/\/www.kantner-partner.de\/wp-content\/uploads\/2015\/09\/Immobilienbewertung-Otterfing-1200x797.jpg 1200w, https:\/\/www.kantner-partner.de\/wp-content\/uploads\/2015\/09\/Immobilienbewertung-Otterfing.jpg 1500w\" sizes=\"(max-width: 1024px) 100vw, 1024px\" \/><\/p>\n<p style=\"text-align: center;\">Farmhouse, County of Miesbach<\/p>\n<p style=\"text-align: center;\"><\/div><div class=\"ls-col-md-6 \">\n<h2 style=\"text-align: center;\"><img loading=\"lazy\" decoding=\"async\" class=\"aligncenter wp-image-914 size-full\" src=\"https:\/\/www.kantner-partner.de\/wp-content\/uploads\/2015\/07\/Schwabing-Immobilienbewertung.jpg\" alt=\"real estate valuation condominium Munich\" width=\"1500\" height=\"996\" srcset=\"https:\/\/www.kantner-partner.de\/wp-content\/uploads\/2015\/07\/Schwabing-Immobilienbewertung.jpg 1500w, https:\/\/www.kantner-partner.de\/wp-content\/uploads\/2015\/07\/Schwabing-Immobilienbewertung-300x199.jpg 300w, https:\/\/www.kantner-partner.de\/wp-content\/uploads\/2015\/07\/Schwabing-Immobilienbewertung-768x510.jpg 768w, https:\/\/www.kantner-partner.de\/wp-content\/uploads\/2015\/07\/Schwabing-Immobilienbewertung-1024x680.jpg 1024w, https:\/\/www.kantner-partner.de\/wp-content\/uploads\/2015\/07\/Schwabing-Immobilienbewertung-960x637.jpg 960w, https:\/\/www.kantner-partner.de\/wp-content\/uploads\/2015\/07\/Schwabing-Immobilienbewertung-1200x797.jpg 1200w\" sizes=\"(max-width: 1500px) 100vw, 1500px\" \/><\/h2>\n<p style=\"text-align: center;\">Residential and officebuilding<b class=\"b2\">\u00a0in\u00a0<\/b>Munich, Schwabing<\/p>\n<p style=\"text-align: center;\"><\/div>\n<p style=\"text-align: center;\"><\/div>\n<h1>Mortgage lending value appraisal within the meaning of section 16 PfandBG<\/h1>\n<p style=\"text-align: justify;\">The determining of the mortgage lending value of developed and undeveloped plots of land and thus the remuneration of mortgage lending value appraisals within the meaning of 16 PfandBG is regulated in the Mortgage Lending Value Ordinance (BelWertV). The Mortgage Lending Value (MLV) is the basis of the mortgage lending and is used by credit institutes and insurance companies as the collateral value.\u00a0 It differs from the market value in that it represents a period-based value rather one relating to a reporting date. The mortgage lending value, according to section 3 para. 1 BelWertV, is here the value and\/or price of a property that would be expected to be achievable in normal business transactions regardless of temporary fluctuations caused by the economic situation or speculation.<\/p>\n<h1>Equity appraisal according to int. standards<\/h1>\n<p style=\"text-align: justify;\">As well as the property valuation in the German income, asset value and sales comparison approaches and thus the producing of market value appraisals according \u00a7 194 BauGB, we also determine the equity of properties according to int. standards (IVSC, RICS, TEGoVA). As well as residential properties, we also focus on commercial properties \u2013 especially upon industrial buildings, and catering and hotel properties, as well as office buildings.<\/p>\n<h1>Valuation of rights and encumbrances<\/h1>\n<p style=\"text-align: justify;\">Rights that establish a direct relationship between a person and an object are so-called rights in rem. A distinction is here made between ownership as the most far-reaching right in rem and limited rights in rem. These are, for example, easements such as e.g. rights of residence, security interests and exploitation rights, land charges, in rem pre-emption rights or building leases. In property valuation, they are to be taken into account in the determining of market value as value-influencing characteristics according to section 6 para. 2 ImmoWertV and\/or to be themselves the object of the valuation and thus of the producing of value appraisals.<\/p>\n<div class=\"row\">\n<div class=\"ls-col-md-6 \">\n<h3 style=\"text-align: center;\"><img loading=\"lazy\" decoding=\"async\" class=\"aligncenter wp-image-1158 size-full\" title=\"Verkehrswertgutachten von Immobilien\" src=\"https:\/\/www.kantner-partner.de\/wp-content\/uploads\/2015\/07\/M\u00fcnchen-MFH-e1451142441867.jpg\" alt=\"Apartment Munich value\" width=\"1500\" height=\"933\" srcset=\"https:\/\/www.kantner-partner.de\/wp-content\/uploads\/2015\/07\/M\u00fcnchen-MFH-e1451142441867.jpg 1500w, https:\/\/www.kantner-partner.de\/wp-content\/uploads\/2015\/07\/M\u00fcnchen-MFH-e1451142441867-300x187.jpg 300w, https:\/\/www.kantner-partner.de\/wp-content\/uploads\/2015\/07\/M\u00fcnchen-MFH-e1451142441867-768x478.jpg 768w, https:\/\/www.kantner-partner.de\/wp-content\/uploads\/2015\/07\/M\u00fcnchen-MFH-e1451142441867-1024x637.jpg 1024w, https:\/\/www.kantner-partner.de\/wp-content\/uploads\/2015\/07\/M\u00fcnchen-MFH-e1451142441867-960x597.jpg 960w, https:\/\/www.kantner-partner.de\/wp-content\/uploads\/2015\/07\/M\u00fcnchen-MFH-e1451142441867-1200x746.jpg 1200w\" sizes=\"(max-width: 1500px) 100vw, 1500px\" \/><\/h3>\n<p style=\"text-align: center;\">Apartment building, Munich, Harlaching<\/p>\n<\/div><div class=\"ls-col-md-6 \">\n<p><img loading=\"lazy\" decoding=\"async\" class=\"aligncenter wp-image-934 size-large\" src=\"https:\/\/www.kantner-partner.de\/wp-content\/uploads\/2015\/11\/Wert-1-1024x637.jpg\" alt=\"Verkehrswertgutachten Gewerbeimmobilie\" width=\"1024\" height=\"637\" srcset=\"https:\/\/www.kantner-partner.de\/wp-content\/uploads\/2015\/11\/Wert-1-1024x637.jpg 1024w, https:\/\/www.kantner-partner.de\/wp-content\/uploads\/2015\/11\/Wert-1-300x187.jpg 300w, https:\/\/www.kantner-partner.de\/wp-content\/uploads\/2015\/11\/Wert-1-768x478.jpg 768w, https:\/\/www.kantner-partner.de\/wp-content\/uploads\/2015\/11\/Wert-1-960x598.jpg 960w, https:\/\/www.kantner-partner.de\/wp-content\/uploads\/2015\/11\/Wert-1-1200x747.jpg 1200w, https:\/\/www.kantner-partner.de\/wp-content\/uploads\/2015\/11\/Wert-1-1600x996.jpg 1600w, https:\/\/www.kantner-partner.de\/wp-content\/uploads\/2015\/11\/Wert-1.jpg 1920w\" sizes=\"(max-width: 1024px) 100vw, 1024px\" \/><\/p>\n<p style=\"text-align: center;\">Technology park, County of M\u00fcnchen<\/p>\n<\/div>\n<\/div>\n<p>&nbsp;<\/p>\n<h1>Declaration of property value<\/h1>\n<p style=\"text-align: justify;\">In Germany, the tax valuation of assets is regulated by the Valuation Act (BewG). With property ownership, a distinction is made between landed property, agricultural and silvicultural assets and business assets. The fair market value according to \u00a7 9 BewG is here decisive for the valuation. The difference from the determining of market value according to section 194 BauGB in conjunction with sections 15 ff. ImmoWertV is that in the valuation of property according to section 182 BewG the choice of the method for the valuation of real estate is predefined.<\/p>\n<h1>Proof of the lower fair market value<\/h1>\n<p style=\"text-align: justify;\">To prevent overvaluing in the determining of the property value by the tax office, <a href=\"https:\/\/www.gesetze-im-internet.de\/bewg\/__198.html\">section 198 BewG<\/a>\u00a0envisages the possibility of certification of the lower fair market value. You can therefore count on our experience in tax-related property valuation when it comes to checking property values determined by the tax office.<\/p>\n<h1>Measurement and living space calculation<\/h1>\n<p style=\"text-align: justify;\">All too often, in our activities as valuers, we realise that declarations of division do not correspond with the actual state of affairs, effecting not only the additional and maintenance costs but also the market value. In addition to determining the value of estate in severalty and part ownership, we therefore also calculate areas of residential and commercial premises, produce measurement and partition plans for certificates of self-containment according to section 7 para. 4 in conjunction with section 3 para. 2 WEG, and check the approval and\/or approvability of areas intended for continuous inhabitation.<\/p>\n<div class=\"row\">\n<div class=\"ls-col-md-6 \"><img decoding=\"async\" class=\"aligncenter size-large wp-image-1644\" src=\"https:\/\/www.kantner-partner.de\/wp-content\/uploads\/2015\/12\/Aufmass-1024x724.jpg\" alt=\"Aufmass\" \/><\/p>\n<p>Measurement \u00a0to correct a false subdivision of condominiums<\/p>\n<\/div>\n<div class=\"ls-col-md-6 \">\n<p><img loading=\"lazy\" decoding=\"async\" class=\"aligncenter wp-image-2074 size-full\" style=\"font-weight: 300;\" src=\"https:\/\/www.kantner-partner.de\/wp-content\/uploads\/2015\/12\/Image1.jpg\" alt=\"Verkehrswert Immobilie Hadern\" width=\"1024\" height=\"724\" srcset=\"https:\/\/www.kantner-partner.de\/wp-content\/uploads\/2015\/12\/Image1.jpg 1024w, https:\/\/www.kantner-partner.de\/wp-content\/uploads\/2015\/12\/Image1-300x212.jpg 300w, https:\/\/www.kantner-partner.de\/wp-content\/uploads\/2015\/12\/Image1-768x543.jpg 768w, https:\/\/www.kantner-partner.de\/wp-content\/uploads\/2015\/12\/Image1-960x679.jpg 960w\" sizes=\"(max-width: 1024px) 100vw, 1024px\" \/><\/p>\n<p>Approved areas of a basement<\/p>\n<\/div>\n<\/div>\n<p>&nbsp;<\/p>\n<h1>T\u00dcV-certified property valuers<\/h1>\n<p style=\"text-align: justify;\">Whether it be for collateralisation, for financial and\/or taxation purposes or simply to determine assets \u2013 for determining the value of property, you can rely on our many years of experience in the valuation of residential and commercial properties, on our tested competence as T\u00dcV-certified experts for the appraisal of developed and undeveloped real estate.<\/p>\n","protected":false},"excerpt":{"rendered":"<p>Valuation of real estate In the field of the evaluation of developed and undeveloped plots of land, in addition to market value appraisals and mortgage lending value appraisals, and appraisals <a class=\"moretag\" href=\"https:\/\/www.kantner-partner.de\/en\/real-estate-valuation\">read more&#8230;<\/a><\/p>\n","protected":false},"author":1,"featured_media":0,"parent":0,"menu_order":55,"comment_status":"open","ping_status":"open","template":"","meta":{"_acf_changed":false,"footnotes":""},"class_list":["post-4591","page","type-page","status-publish","hentry"],"acf":[],"yoast_head":"<!-- This site is optimized with the Yoast SEO plugin v27.5 - https:\/\/yoast.com\/product\/yoast-seo-wordpress\/ -->\n<title>Real estate valuation | Kantner &amp; Partner | Appraiser Munich<\/title>\n<meta name=\"description\" content=\"Experts for the evaluation of real estate (T\u00dcV) provide reports and surveys on real estate in Munich and surrounding (real estate valuation).\" \/>\n<meta name=\"robots\" content=\"index, follow, max-snippet:-1, max-image-preview:large, max-video-preview:-1\" \/>\n<link rel=\"canonical\" href=\"https:\/\/www.kantner-partner.de\/en\/real-estate-valuation\" \/>\n<meta property=\"og:locale\" content=\"en_US\" \/>\n<meta property=\"og:type\" content=\"article\" \/>\n<meta property=\"og:title\" content=\"Real estate valuation | Kantner &amp; Partner | Appraiser Munich\" \/>\n<meta property=\"og:description\" content=\"Experts for the evaluation of real estate (T\u00dcV) provide reports and surveys on real estate in Munich and surrounding (real estate valuation).\" \/>\n<meta property=\"og:url\" content=\"https:\/\/www.kantner-partner.de\/en\/real-estate-valuation\" \/>\n<meta property=\"og:site_name\" content=\"Bausachverst\u00e4ndiger I Immobiliengutachter I M\u00fcnchen\" \/>\n<meta property=\"article:publisher\" content=\"https:\/\/www.facebook.com\/kantner.partner\" \/>\n<meta property=\"article:modified_time\" content=\"2017-09-30T10:02:19+00:00\" \/>\n<meta property=\"og:image\" content=\"https:\/\/www.kantner-partner.de\/wp-content\/uploads\/2015\/09\/Immobilienbewertung-Otterfing-1024x680.jpg\" \/>\n<meta name=\"twitter:card\" content=\"summary_large_image\" \/>\n<meta name=\"twitter:site\" content=\"@KP_Info\" \/>\n<meta name=\"twitter:label1\" content=\"Est. reading time\" \/>\n\t<meta name=\"twitter:data1\" content=\"5 minutes\" \/>\n<script type=\"application\/ld+json\" class=\"yoast-schema-graph\">{\"@context\":\"https:\\\/\\\/schema.org\",\"@graph\":[{\"@type\":\"WebPage\",\"@id\":\"https:\\\/\\\/www.kantner-partner.de\\\/en\\\/real-estate-valuation\",\"url\":\"https:\\\/\\\/www.kantner-partner.de\\\/en\\\/real-estate-valuation\",\"name\":\"Real estate valuation | Kantner & Partner | Appraiser Munich\",\"isPartOf\":{\"@id\":\"https:\\\/\\\/www.kantner-partner.de\\\/#website\"},\"primaryImageOfPage\":{\"@id\":\"https:\\\/\\\/www.kantner-partner.de\\\/en\\\/real-estate-valuation#primaryimage\"},\"image\":{\"@id\":\"https:\\\/\\\/www.kantner-partner.de\\\/en\\\/real-estate-valuation#primaryimage\"},\"thumbnailUrl\":\"https:\\\/\\\/www.kantner-partner.de\\\/wp-content\\\/uploads\\\/2015\\\/09\\\/Immobilienbewertung-Otterfing-1024x680.jpg\",\"datePublished\":\"2015-07-11T13:51:17+00:00\",\"dateModified\":\"2017-09-30T10:02:19+00:00\",\"description\":\"Experts for the evaluation of real estate (T\u00dcV) provide reports and surveys on real estate in Munich and surrounding (real estate valuation).\",\"breadcrumb\":{\"@id\":\"https:\\\/\\\/www.kantner-partner.de\\\/en\\\/real-estate-valuation#breadcrumb\"},\"inLanguage\":\"en-US\",\"potentialAction\":[{\"@type\":\"ReadAction\",\"target\":[\"https:\\\/\\\/www.kantner-partner.de\\\/en\\\/real-estate-valuation\"]}]},{\"@type\":\"ImageObject\",\"inLanguage\":\"en-US\",\"@id\":\"https:\\\/\\\/www.kantner-partner.de\\\/en\\\/real-estate-valuation#primaryimage\",\"url\":\"https:\\\/\\\/www.kantner-partner.de\\\/wp-content\\\/uploads\\\/2015\\\/09\\\/Immobilienbewertung-Otterfing-1024x680.jpg\",\"contentUrl\":\"https:\\\/\\\/www.kantner-partner.de\\\/wp-content\\\/uploads\\\/2015\\\/09\\\/Immobilienbewertung-Otterfing-1024x680.jpg\"},{\"@type\":\"BreadcrumbList\",\"@id\":\"https:\\\/\\\/www.kantner-partner.de\\\/en\\\/real-estate-valuation#breadcrumb\",\"itemListElement\":[{\"@type\":\"ListItem\",\"position\":1,\"name\":\"Home\",\"item\":\"https:\\\/\\\/www.kantner-partner.de\\\/en\"},{\"@type\":\"ListItem\",\"position\":2,\"name\":\"real estate valuation\"}]},{\"@type\":\"WebSite\",\"@id\":\"https:\\\/\\\/www.kantner-partner.de\\\/#website\",\"url\":\"https:\\\/\\\/www.kantner-partner.de\\\/\",\"name\":\"Bausachverst\u00e4ndiger I Immobiliengutachter I M\u00fcnchen\",\"description\":\"SV f\u00fcr Wertermittlung, Bauwerksabdichtung, Betoninstandsetzung, Schimmelpilz\",\"potentialAction\":[{\"@type\":\"SearchAction\",\"target\":{\"@type\":\"EntryPoint\",\"urlTemplate\":\"https:\\\/\\\/www.kantner-partner.de\\\/?s={search_term_string}\"},\"query-input\":{\"@type\":\"PropertyValueSpecification\",\"valueRequired\":true,\"valueName\":\"search_term_string\"}}],\"inLanguage\":\"en-US\"}]}<\/script>\n<!-- \/ Yoast SEO plugin. -->","yoast_head_json":{"title":"Real estate valuation | Kantner & Partner | Appraiser Munich","description":"Experts for the evaluation of real estate (T\u00dcV) provide reports and surveys on real estate in Munich and surrounding (real estate valuation).","robots":{"index":"index","follow":"follow","max-snippet":"max-snippet:-1","max-image-preview":"max-image-preview:large","max-video-preview":"max-video-preview:-1"},"canonical":"https:\/\/www.kantner-partner.de\/en\/real-estate-valuation","og_locale":"en_US","og_type":"article","og_title":"Real estate valuation | Kantner & Partner | Appraiser Munich","og_description":"Experts for the evaluation of real estate (T\u00dcV) provide reports and surveys on real estate in Munich and surrounding (real estate valuation).","og_url":"https:\/\/www.kantner-partner.de\/en\/real-estate-valuation","og_site_name":"Bausachverst\u00e4ndiger I Immobiliengutachter I M\u00fcnchen","article_publisher":"https:\/\/www.facebook.com\/kantner.partner","article_modified_time":"2017-09-30T10:02:19+00:00","og_image":[{"url":"https:\/\/www.kantner-partner.de\/wp-content\/uploads\/2015\/09\/Immobilienbewertung-Otterfing-1024x680.jpg","type":"","width":"","height":""}],"twitter_card":"summary_large_image","twitter_site":"@KP_Info","twitter_misc":{"Est. reading time":"5 minutes"},"schema":{"@context":"https:\/\/schema.org","@graph":[{"@type":"WebPage","@id":"https:\/\/www.kantner-partner.de\/en\/real-estate-valuation","url":"https:\/\/www.kantner-partner.de\/en\/real-estate-valuation","name":"Real estate valuation | Kantner & Partner | Appraiser Munich","isPartOf":{"@id":"https:\/\/www.kantner-partner.de\/#website"},"primaryImageOfPage":{"@id":"https:\/\/www.kantner-partner.de\/en\/real-estate-valuation#primaryimage"},"image":{"@id":"https:\/\/www.kantner-partner.de\/en\/real-estate-valuation#primaryimage"},"thumbnailUrl":"https:\/\/www.kantner-partner.de\/wp-content\/uploads\/2015\/09\/Immobilienbewertung-Otterfing-1024x680.jpg","datePublished":"2015-07-11T13:51:17+00:00","dateModified":"2017-09-30T10:02:19+00:00","description":"Experts for the evaluation of real estate (T\u00dcV) provide reports and surveys on real estate in Munich and surrounding (real estate valuation).","breadcrumb":{"@id":"https:\/\/www.kantner-partner.de\/en\/real-estate-valuation#breadcrumb"},"inLanguage":"en-US","potentialAction":[{"@type":"ReadAction","target":["https:\/\/www.kantner-partner.de\/en\/real-estate-valuation"]}]},{"@type":"ImageObject","inLanguage":"en-US","@id":"https:\/\/www.kantner-partner.de\/en\/real-estate-valuation#primaryimage","url":"https:\/\/www.kantner-partner.de\/wp-content\/uploads\/2015\/09\/Immobilienbewertung-Otterfing-1024x680.jpg","contentUrl":"https:\/\/www.kantner-partner.de\/wp-content\/uploads\/2015\/09\/Immobilienbewertung-Otterfing-1024x680.jpg"},{"@type":"BreadcrumbList","@id":"https:\/\/www.kantner-partner.de\/en\/real-estate-valuation#breadcrumb","itemListElement":[{"@type":"ListItem","position":1,"name":"Home","item":"https:\/\/www.kantner-partner.de\/en"},{"@type":"ListItem","position":2,"name":"real estate valuation"}]},{"@type":"WebSite","@id":"https:\/\/www.kantner-partner.de\/#website","url":"https:\/\/www.kantner-partner.de\/","name":"Bausachverst\u00e4ndiger I Immobiliengutachter I M\u00fcnchen","description":"SV f\u00fcr Wertermittlung, Bauwerksabdichtung, Betoninstandsetzung, Schimmelpilz","potentialAction":[{"@type":"SearchAction","target":{"@type":"EntryPoint","urlTemplate":"https:\/\/www.kantner-partner.de\/?s={search_term_string}"},"query-input":{"@type":"PropertyValueSpecification","valueRequired":true,"valueName":"search_term_string"}}],"inLanguage":"en-US"}]}},"_links":{"self":[{"href":"https:\/\/www.kantner-partner.de\/en\/wp-json\/wp\/v2\/pages\/4591","targetHints":{"allow":["GET"]}}],"collection":[{"href":"https:\/\/www.kantner-partner.de\/en\/wp-json\/wp\/v2\/pages"}],"about":[{"href":"https:\/\/www.kantner-partner.de\/en\/wp-json\/wp\/v2\/types\/page"}],"author":[{"embeddable":true,"href":"https:\/\/www.kantner-partner.de\/en\/wp-json\/wp\/v2\/users\/1"}],"replies":[{"embeddable":true,"href":"https:\/\/www.kantner-partner.de\/en\/wp-json\/wp\/v2\/comments?post=4591"}],"version-history":[{"count":22,"href":"https:\/\/www.kantner-partner.de\/en\/wp-json\/wp\/v2\/pages\/4591\/revisions"}],"predecessor-version":[{"id":4638,"href":"https:\/\/www.kantner-partner.de\/en\/wp-json\/wp\/v2\/pages\/4591\/revisions\/4638"}],"wp:attachment":[{"href":"https:\/\/www.kantner-partner.de\/en\/wp-json\/wp\/v2\/media?parent=4591"}],"curies":[{"name":"wp","href":"https:\/\/api.w.org\/{rel}","templated":true}]}}