{"id":4595,"date":"2016-12-19T17:29:44","date_gmt":"2016-12-19T16:29:44","guid":{"rendered":"http:\/\/www.kantner-partner.de\/ulrich-kantner"},"modified":"2018-08-12T19:18:02","modified_gmt":"2018-08-12T17:18:02","slug":"ulrich-kantner","status":"publish","type":"page","link":"https:\/\/www.kantner-partner.de\/en\/ulrich-kantner","title":{"rendered":"Ulrich Kantner"},"content":{"rendered":"<div class=\"row\">\n<div class=\"ls-col-md-4 \">\n<p style=\"text-align: center;\"><img loading=\"lazy\" decoding=\"async\" class=\"aligncenter wp-image-394\" src=\"https:\/\/www.kantner-partner.de\/wp-content\/uploads\/2015\/07\/Kantner.jpg\" alt=\"Expert Ulrich Kantner\" width=\"200\" height=\"251\" srcset=\"https:\/\/www.kantner-partner.de\/wp-content\/uploads\/2015\/07\/Kantner.jpg 1993w, https:\/\/www.kantner-partner.de\/wp-content\/uploads\/2015\/07\/Kantner-239x300.jpg 239w, https:\/\/www.kantner-partner.de\/wp-content\/uploads\/2015\/07\/Kantner-768x964.jpg 768w, https:\/\/www.kantner-partner.de\/wp-content\/uploads\/2015\/07\/Kantner-816x1024.jpg 816w, https:\/\/www.kantner-partner.de\/wp-content\/uploads\/2015\/07\/Kantner-960x1205.jpg 960w, https:\/\/www.kantner-partner.de\/wp-content\/uploads\/2015\/07\/Kantner-1024x1285.jpg 1024w, https:\/\/www.kantner-partner.de\/wp-content\/uploads\/2015\/07\/Kantner-1200x1506.jpg 1200w, https:\/\/www.kantner-partner.de\/wp-content\/uploads\/2015\/07\/Kantner-1600x2008.jpg 1600w, https:\/\/www.kantner-partner.de\/wp-content\/uploads\/2015\/07\/Kantner-1920x2409.jpg 1920w\" sizes=\"(max-width: 200px) 100vw, 200px\" \/><\/p>\n<p style=\"text-align: center;\">Ulrich Kantner, Partner<\/p>\n<p style=\"text-align: center;\"><\/div><div class=\"ls-col-md-8 \">\n<div>\n<div id=\"maincol\">\n<div class=\"paragraph\">\n<h1 style=\"text-align: justify;\">Ulrich Kantner<\/h1>\n<p style=\"text-align: justify;\">Ulrich Kantner is co-founder and partner of the partnership Kantner &amp; Partner Sachverst\u00e4ndige, based in Munich. He works as an expert and valuer in Germany and Austria. Ulrich Kantner possesses almost 20 years of experience in appraisal, planning and renovation. He is an author and speaker, active in the recognised advanced training within the meaning of the regulations on advanced and further training (Fort-und-Weiterbildungsordnung) of the Bavarian Chamber of Engineers &#8211; Construction, a consultant for the public sector and medium-sized renovation companies, an honorary judge of a construction chamber and an elected representative in supervisory and administrative boards.<\/p>\n<h1 style=\"text-align: justify;\">Specialities<\/h1>\n<ul>\n<li>Construction waterproofing of concrete elements in contact with the soil<\/li>\n<li>Protection and repair of concrete building elements<\/li>\n<li>Evaluation of Real Estate<\/li>\n<\/ul>\n<\/div>\n<\/div>\n<\/div>\n<h1>Certifications<\/h1>\n<ul>\n<li>Expert for the valuation of developed and undeveloped properties (T\u00dcV)<\/li>\n<li>Expert for Waterproofing of Buildings (T\u00dcV)<\/li>\n<li>Injection certificate with qualification examined by T\u00dcV Rheinland<\/li>\n<li>Experts for the detection, appraisal and repair of mould damage (T\u00dcV)<\/li>\n<\/ul>\n<h1>Appointments<\/h1>\n<ul>\n<li>Advisor of the Construction Centre of the City of Munich<\/li>\n<li>Member of the Examining Board for Construction Sealers of the Chamber of Industry and Commerce for Munich and Upper Bavaria<\/li>\n<li>Honorary judge at the Bavarian Administrative Court in Munich, 11th Chamber<\/li>\n<\/ul>\n<\/div><\/div>\n","protected":false},"excerpt":{"rendered":"Ulrich Kantner, Partner Ulrich Kantner Ulrich Kantner is co-founder and partner of the partnership Kantner &amp; Partner Sachverst\u00e4ndige, based in Munich. He works as an expert and valuer in Germany <a class=\"moretag\" href=\"https:\/\/www.kantner-partner.de\/en\/ulrich-kantner\">read more...<\/a>","protected":false},"author":2,"featured_media":0,"parent":0,"menu_order":2,"comment_status":"closed","ping_status":"closed","template":"","meta":{"_acf_changed":false,"footnotes":""},"class_list":["post-4595","page","type-page","status-publish","hentry"],"acf":[],"yoast_head":"<!-- This site is optimized with the Yoast SEO plugin v27.3 - https:\/\/yoast.com\/product\/yoast-seo-wordpress\/ -->\n<title>Ulrich Kantner | real estate valuation | constructional damage or defect<\/title>\n<meta name=\"description\" content=\"Ulrich Kantner is co-founder and partner of the partnership Kantner &amp; Partner Sachverst\u00e4ndige, based in Munich. He works as an expert and valuer\" \/>\n<meta name=\"robots\" content=\"index, follow, max-snippet:-1, max-image-preview:large, max-video-preview:-1\" \/>\n<link rel=\"canonical\" href=\"https:\/\/www.kantner-partner.de\/en\/ulrich-kantner\" \/>\n<meta property=\"og:locale\" content=\"en_US\" \/>\n<meta property=\"og:type\" content=\"article\" \/>\n<meta property=\"og:title\" content=\"Ulrich Kantner | real estate valuation | constructional damage or defect\" \/>\n<meta property=\"og:description\" content=\"Ulrich Kantner is co-founder and partner of the partnership Kantner &amp; Partner Sachverst\u00e4ndige, based in Munich. He works as an expert and valuer\" \/>\n<meta property=\"og:url\" content=\"https:\/\/www.kantner-partner.de\/en\/ulrich-kantner\" \/>\n<meta property=\"og:site_name\" content=\"Bausachverst\u00e4ndiger I Immobiliengutachter I M\u00fcnchen\" \/>\n<meta property=\"article:publisher\" content=\"https:\/\/www.facebook.com\/kantner.partner\" \/>\n<meta property=\"article:modified_time\" content=\"2018-08-12T17:18:02+00:00\" \/>\n<meta property=\"og:image\" content=\"https:\/\/www.kantner-partner.de\/wp-content\/uploads\/2015\/07\/Kantner.jpg\" \/>\n<meta name=\"twitter:card\" content=\"summary_large_image\" \/>\n<meta name=\"twitter:site\" content=\"@KP_Info\" \/>\n<meta name=\"twitter:label1\" content=\"Est. reading time\" \/>\n\t<meta name=\"twitter:data1\" content=\"1 minute\" \/>\n<script type=\"application\/ld+json\" class=\"yoast-schema-graph\">{\"@context\":\"https:\\\/\\\/schema.org\",\"@graph\":[{\"@type\":\"WebPage\",\"@id\":\"https:\\\/\\\/www.kantner-partner.de\\\/en\\\/ulrich-kantner\",\"url\":\"https:\\\/\\\/www.kantner-partner.de\\\/en\\\/ulrich-kantner\",\"name\":\"Ulrich Kantner | real estate valuation | constructional damage or defect\",\"isPartOf\":{\"@id\":\"https:\\\/\\\/www.kantner-partner.de\\\/#website\"},\"primaryImageOfPage\":{\"@id\":\"https:\\\/\\\/www.kantner-partner.de\\\/en\\\/ulrich-kantner#primaryimage\"},\"image\":{\"@id\":\"https:\\\/\\\/www.kantner-partner.de\\\/en\\\/ulrich-kantner#primaryimage\"},\"thumbnailUrl\":\"https:\\\/\\\/www.kantner-partner.de\\\/wp-content\\\/uploads\\\/2015\\\/07\\\/Kantner.jpg\",\"datePublished\":\"2016-12-19T16:29:44+00:00\",\"dateModified\":\"2018-08-12T17:18:02+00:00\",\"description\":\"Ulrich Kantner is co-founder and partner of the partnership Kantner & Partner Sachverst\u00e4ndige, based in Munich. He works as an expert and valuer\",\"breadcrumb\":{\"@id\":\"https:\\\/\\\/www.kantner-partner.de\\\/en\\\/ulrich-kantner#breadcrumb\"},\"inLanguage\":\"en-US\",\"potentialAction\":[{\"@type\":\"ReadAction\",\"target\":[\"https:\\\/\\\/www.kantner-partner.de\\\/en\\\/ulrich-kantner\"]}]},{\"@type\":\"ImageObject\",\"inLanguage\":\"en-US\",\"@id\":\"https:\\\/\\\/www.kantner-partner.de\\\/en\\\/ulrich-kantner#primaryimage\",\"url\":\"https:\\\/\\\/www.kantner-partner.de\\\/wp-content\\\/uploads\\\/2015\\\/07\\\/Kantner.jpg\",\"contentUrl\":\"https:\\\/\\\/www.kantner-partner.de\\\/wp-content\\\/uploads\\\/2015\\\/07\\\/Kantner.jpg\"},{\"@type\":\"BreadcrumbList\",\"@id\":\"https:\\\/\\\/www.kantner-partner.de\\\/en\\\/ulrich-kantner#breadcrumb\",\"itemListElement\":[{\"@type\":\"ListItem\",\"position\":1,\"name\":\"Home\",\"item\":\"https:\\\/\\\/www.kantner-partner.de\\\/en\"},{\"@type\":\"ListItem\",\"position\":2,\"name\":\"Ulrich Kantner\"}]},{\"@type\":\"WebSite\",\"@id\":\"https:\\\/\\\/www.kantner-partner.de\\\/#website\",\"url\":\"https:\\\/\\\/www.kantner-partner.de\\\/\",\"name\":\"Bausachverst\u00e4ndiger I Immobiliengutachter I M\u00fcnchen\",\"description\":\"SV f\u00fcr Wertermittlung, Bauwerksabdichtung, Betoninstandsetzung, Schimmelpilz\",\"potentialAction\":[{\"@type\":\"SearchAction\",\"target\":{\"@type\":\"EntryPoint\",\"urlTemplate\":\"https:\\\/\\\/www.kantner-partner.de\\\/?s={search_term_string}\"},\"query-input\":{\"@type\":\"PropertyValueSpecification\",\"valueRequired\":true,\"valueName\":\"search_term_string\"}}],\"inLanguage\":\"en-US\"}]}<\/script>\n<!-- \/ Yoast SEO plugin. -->","yoast_head_json":{"title":"Ulrich Kantner | real estate valuation | constructional damage or defect","description":"Ulrich Kantner is co-founder and partner of the partnership Kantner & Partner Sachverst\u00e4ndige, based in Munich. He works as an expert and valuer","robots":{"index":"index","follow":"follow","max-snippet":"max-snippet:-1","max-image-preview":"max-image-preview:large","max-video-preview":"max-video-preview:-1"},"canonical":"https:\/\/www.kantner-partner.de\/en\/ulrich-kantner","og_locale":"en_US","og_type":"article","og_title":"Ulrich Kantner | real estate valuation | constructional damage or defect","og_description":"Ulrich Kantner is co-founder and partner of the partnership Kantner & Partner Sachverst\u00e4ndige, based in Munich. He works as an expert and valuer","og_url":"https:\/\/www.kantner-partner.de\/en\/ulrich-kantner","og_site_name":"Bausachverst\u00e4ndiger I Immobiliengutachter I M\u00fcnchen","article_publisher":"https:\/\/www.facebook.com\/kantner.partner","article_modified_time":"2018-08-12T17:18:02+00:00","og_image":[{"url":"https:\/\/www.kantner-partner.de\/wp-content\/uploads\/2015\/07\/Kantner.jpg","type":"","width":"","height":""}],"twitter_card":"summary_large_image","twitter_site":"@KP_Info","twitter_misc":{"Est. reading time":"1 minute"},"schema":{"@context":"https:\/\/schema.org","@graph":[{"@type":"WebPage","@id":"https:\/\/www.kantner-partner.de\/en\/ulrich-kantner","url":"https:\/\/www.kantner-partner.de\/en\/ulrich-kantner","name":"Ulrich Kantner | real estate valuation | constructional damage or defect","isPartOf":{"@id":"https:\/\/www.kantner-partner.de\/#website"},"primaryImageOfPage":{"@id":"https:\/\/www.kantner-partner.de\/en\/ulrich-kantner#primaryimage"},"image":{"@id":"https:\/\/www.kantner-partner.de\/en\/ulrich-kantner#primaryimage"},"thumbnailUrl":"https:\/\/www.kantner-partner.de\/wp-content\/uploads\/2015\/07\/Kantner.jpg","datePublished":"2016-12-19T16:29:44+00:00","dateModified":"2018-08-12T17:18:02+00:00","description":"Ulrich Kantner is co-founder and partner of the partnership Kantner & Partner Sachverst\u00e4ndige, based in Munich. He works as an expert and valuer","breadcrumb":{"@id":"https:\/\/www.kantner-partner.de\/en\/ulrich-kantner#breadcrumb"},"inLanguage":"en-US","potentialAction":[{"@type":"ReadAction","target":["https:\/\/www.kantner-partner.de\/en\/ulrich-kantner"]}]},{"@type":"ImageObject","inLanguage":"en-US","@id":"https:\/\/www.kantner-partner.de\/en\/ulrich-kantner#primaryimage","url":"https:\/\/www.kantner-partner.de\/wp-content\/uploads\/2015\/07\/Kantner.jpg","contentUrl":"https:\/\/www.kantner-partner.de\/wp-content\/uploads\/2015\/07\/Kantner.jpg"},{"@type":"BreadcrumbList","@id":"https:\/\/www.kantner-partner.de\/en\/ulrich-kantner#breadcrumb","itemListElement":[{"@type":"ListItem","position":1,"name":"Home","item":"https:\/\/www.kantner-partner.de\/en"},{"@type":"ListItem","position":2,"name":"Ulrich Kantner"}]},{"@type":"WebSite","@id":"https:\/\/www.kantner-partner.de\/#website","url":"https:\/\/www.kantner-partner.de\/","name":"Bausachverst\u00e4ndiger I Immobiliengutachter I M\u00fcnchen","description":"SV f\u00fcr Wertermittlung, Bauwerksabdichtung, Betoninstandsetzung, Schimmelpilz","potentialAction":[{"@type":"SearchAction","target":{"@type":"EntryPoint","urlTemplate":"https:\/\/www.kantner-partner.de\/?s={search_term_string}"},"query-input":{"@type":"PropertyValueSpecification","valueRequired":true,"valueName":"search_term_string"}}],"inLanguage":"en-US"}]}},"_links":{"self":[{"href":"https:\/\/www.kantner-partner.de\/en\/wp-json\/wp\/v2\/pages\/4595","targetHints":{"allow":["GET"]}}],"collection":[{"href":"https:\/\/www.kantner-partner.de\/en\/wp-json\/wp\/v2\/pages"}],"about":[{"href":"https:\/\/www.kantner-partner.de\/en\/wp-json\/wp\/v2\/types\/page"}],"author":[{"embeddable":true,"href":"https:\/\/www.kantner-partner.de\/en\/wp-json\/wp\/v2\/users\/2"}],"replies":[{"embeddable":true,"href":"https:\/\/www.kantner-partner.de\/en\/wp-json\/wp\/v2\/comments?post=4595"}],"version-history":[{"count":18,"href":"https:\/\/www.kantner-partner.de\/en\/wp-json\/wp\/v2\/pages\/4595\/revisions"}],"predecessor-version":[{"id":5224,"href":"https:\/\/www.kantner-partner.de\/en\/wp-json\/wp\/v2\/pages\/4595\/revisions\/5224"}],"wp:attachment":[{"href":"https:\/\/www.kantner-partner.de\/en\/wp-json\/wp\/v2\/media?parent=4595"}],"curies":[{"name":"wp","href":"https:\/\/api.w.org\/{rel}","templated":true}]}}